{"id":2086,"date":"2022-05-19T15:00:21","date_gmt":"2022-05-19T18:00:21","guid":{"rendered":"https:\/\/natureup.com\/br\/?page_id=2086"},"modified":"2022-06-04T07:01:53","modified_gmt":"2022-06-04T10:01:53","slug":"quem-somos","status":"publish","type":"page","link":"https:\/\/natureup.com\/br\/quem-somos\/","title":{"rendered":"Quem Somos"},"content":{"rendered":"\n<figure class=\"wp-block-image size-large is-resized\"><img fetchpriority=\"high\" decoding=\"async\" src=\"https:\/\/natureup.com\/br\/wp-content\/uploads\/2022\/05\/adorable-3344414_1280-801x534-1-801x340.jpg\" alt=\"\" class=\"wp-image-2278\" width=\"837\" height=\"355\"\/><\/figure>\n\n\n\n<p><\/p>\n\n\n\n<h2 class=\"wp-block-heading\">Com tecnologia, empresas podem declarar respeito pela natureza, pessoas e animais, sem gastar rios de dinheiro<\/h2>\n\n\n\n<p>Encontrar tudo que precisa num s\u00f3 lugar, por\u00e9m, produzido e distribu\u00eddo com m\u00ednimo impacto sobre o ambiente e as pessoas, faz toda diferen\u00e7a na vida de muita gente. Ali\u00e1s, muita gente mesmo! Segundo pesquisa do ITS \u2013 Instituto de Tecnologia e Sociedade, realizada pelo IPEC \u2013 Intelig\u00eancia em Pesquisa e Consultoria, 75% dos brasileiros afirmam que o aquecimento global pode prejudicar suas fam\u00edlias; 96% acreditam que o aquecimento global est\u00e1 acontecendo de fato e, 74% dos brasileiros discordam que as queimadas na Amaz\u00f4nia sejam necess\u00e1rias para o crescimento da economia.<\/p>\n\n\n\n<p><\/p>\n\n\n\n<p>A plataforma de marcas verdes NatureUp! desenvolveu uma ferramenta digital para que fornecedores dos mercados pessoal e corporativo, mostrem refer\u00eancias ambientais e sociais em tempo real, conforme crescem nos seus projetos de sustentabilidade.<\/p>\n\n\n\n<p><\/p>\n\n\n\n<p>O objetivo \u00e9 abrir o mercado da economia verde para todos, diminuindo significativamente os custos e prazos do processo. Queremos simplificar o acesso de novos participantes, sem descuidar das barreiras contra os \u201cespertalh\u00f5es\u201d, afirma a startup que estimula a inclus\u00e3o de consumidores, produtores, ind\u00fastrias, distribuidores e prestadores de servi\u00e7os, al\u00e9m de profissionais, institui\u00e7\u00f5es, governos e investidores, decididos a trabalhar e viver em paz com a natureza.<\/p>\n\n\n\n<p><\/p>\n\n\n\n<p>Segundo os conceitos da NatureUp!, tudo vem da natureza e toda atividade econ\u00f4mica impacta o ambiente. Mas se a natureza convive com mais de 90 tons de verde, \u00e9 justo que os crit\u00e9rios de avalia\u00e7\u00e3o sejam proporcionais aos diferentes riscos. Foi assim que \u201cSeja Verde do Seu Jeito\u201d virou slogan da plataforma.<\/p>\n\n\n\n<p><\/p>\n\n\n\n<p><br><strong>Veja tamb\u00e9m:<br><\/strong><\/p>\n\n\n\n<h2 class=\"wp-block-heading\">Como ativar a Economia Verde na vida pessoal e profissional?<\/h2>\n\n\n\n<p><\/p>\n\n\n\n<p>A NatureUp! \u00e9 a primeira startup especializada em solu\u00e7\u00f5es de mercado para a economia verde. Reconhece o poder de transforma\u00e7\u00e3o da nova economia, para promover suas possibilidades e garantir mais acessibilidade \u00e0s vantagens de ser verde. Para definir estrat\u00e9gias, considera que a natureza em sua diversidade, convive com mais de 90 tons de verde, indicando os diferentes impactos de cada atividade; que tudo vem da natureza e vira o dinheiro que move a economia e a vida das pessoas em suas cidades; e que a economia verde \u00e9 o antidoto da natureza contra as maiores crises do mil\u00eanio, incluindo a econ\u00f4mica, a social, a sanit\u00e1ria e a clim\u00e1tica.<\/p>\n\n\n\n<p><\/p>\n\n\n\n<p>As estrat\u00e9gias e ferramentas desenvolvidas e apresentadas no site natureup.com, s\u00e3o de uso exclusivo da empresa, que as poder\u00e1 compartilhar com pessoas f\u00edsicas e jur\u00eddicas autorizadas.<\/p>\n\n\n\n<p><\/p>\n\n\n\n<p><\/p>\n\n\n\n<p><strong>Entre no Clima!<\/strong><\/p>\n\n\n\n<p><\/p>\n\n\n\n<p>Entre no Clima! \u00e9 um inovador convite para mudar o foco e envolver todas as partes nas oportunidades do combate \u00e0s mudan\u00e7as clim\u00e1ticas e seus efeitos. <\/p>\n\n\n\n<p>As mudan\u00e7as clim\u00e1ticas, a pandemia e at\u00e9 a guerra, anteciparam a economia verde para ontem. Da energia \u00e0 produ\u00e7\u00e3o de alimentos, tudo ser\u00e1 repensado com urg\u00eancia. Na pr\u00e1tica, vem a\u00ed a maior e melhor onda de oportunidades de todos os tempos, come\u00e7ando pelos neg\u00f3cios e empregos. E a \u00fanica exig\u00eancia \u00e9 ser verde, sem truques.<\/p>\n\n\n\n<p>A principal estrat\u00e9gia de mercado da NatureUp! tamb\u00e9m abre caminho para a\u00e7\u00f5es objetivas como: Seja Verde do Seu Jeito, Todo dia \u00e9 dia de Sustentabilidade, e Saia do Vermelho com a Economia Verde.<\/p>\n\n\n\n<p><\/p>\n\n\n\n<p><\/p>\n\n\n\n<p><strong>Plataforma de Marcas Verdes<\/strong><\/p>\n\n\n\n<p><\/p>\n\n\n\n<p>Fornecedores dos mercados pessoais e corporativos podem publicar suas listas de naturais, ecol\u00f3gicos, org\u00e2nicos, veganos e ambientais no Mapa da Economia Verde no Brasil. Tamb\u00e9m podem atualizar em tempo real as suas refer\u00eancias ambientais, sociais e de governan\u00e7a corporativa.<\/p>\n\n\n\n<p><\/p>\n\n\n\n<p><\/p>\n\n\n\n<p><strong>Selo Digital Green Code<\/strong><\/p>\n\n\n\n<p><\/p>\n\n\n\n<p>Colocado nas vitrines, pontos de venda, etiquetas, impressos, frota de ve\u00edculos, eventos e outros locais, o C\u00f3digo Verde (grcode) identifica as marcas verdes e facilita a vida de quem precisa se conectar com as novas gera\u00e7\u00f5es de consumidores e investidores.<\/p>\n\n\n\n<p><\/p>\n\n\n\n<p><\/p>\n\n\n\n<p><strong>Cart\u00e3o do Clube de Afinidades<\/strong><\/p>\n\n\n\n<p><\/p>\n\n\n\n<p>A vers\u00e3o digital do Cart\u00e3o do Clube de Afinidades \u00e9 um benef\u00edcio gratuito para pessoas f\u00edsicas cadastradas no site natureup.com. Eventuais varia\u00e7\u00f5es ser\u00e3o avaliadas. V\u00e1lido exclusivamente nas empresas e eventos conveniados, conforme an\u00fancios e promo\u00e7\u00f5es publicados no site natureup.com\/brcard, observadas as exig\u00eancias dos respectivos promotores. Com o Cart\u00e3o de Afinidades o consumidor mostra que \u00e9 verde tamb\u00e9m, e aproveita vantagens como promo\u00e7\u00f5es, eventos, cursos, acesso a conte\u00fados exclusivos e muito mais, sem anuidades.<\/p>\n\n\n\n<p><\/p>\n\n\n\n<p><\/p>\n\n\n\n<p><strong>Assinatura de Sustentabilidade<\/strong><\/p>\n\n\n\n<p><\/p>\n\n\n\n<p>Atrav\u00e9s da Assinatura de Sustentabilidade (planos anuais parcelados em at\u00e9 12 vezes), empresas de todos os portes e setores econ\u00f4micos (menos armas e drogas), ganham acesso a conv\u00eanios corporativos para servi\u00e7os ambientais, como consultorias, cursos, talentos, etc.<\/p>\n\n\n\n<p><br><\/p>\n\n\n\n<h2 class=\"wp-block-heading\">Startup de Inclus\u00e3o na Economia Verde<\/h2>\n\n\n\n<p><br>O mercado j\u00e1 come\u00e7a a escolher entre as marcas verdes e\u2026 as outras. Sua empresa j\u00e1 escolheu de que lado vai ficar? Do lado de dentro ou fora do mercado?<\/p>\n\n\n\n<p><\/p>\n\n\n\n<p>Nenhuma empresa est\u00e1 obrigada a praticar os princ\u00edpios ESG ou qualquer outro, por\u00e9m cedo ou tarde ter\u00e1 que explicar aos investidores e consumidores, porque devem continuar confiando em quem n\u00e3o mostra suas refer\u00eancias Ambientais, Sociais e de Governan\u00e7a.<\/p>\n\n\n\n<p><\/p>\n\n\n\n<p>Estar no mesmo caminho da sustentabilidade e ser reconhecido como tal, estimula a vontade e o compromisso de ser cada vez mais verde. Todos deveriam conhecer e ter o direito de aproveitar as vantagens de serem verdes, que v\u00e3o muito al\u00e9m dos benef\u00edcios ambientais.<\/p>\n\n\n\n<p><\/p>\n\n\n\n<p>Muitas empresas perdem tempo e dinheiro enquanto aguardam ficar 100% sustent\u00e1veis. Poderiam mostrar que s\u00e3o verdes, ainda que nos est\u00e1gios iniciais, e que decidiram entrar no clima e fazer parte dessa experi\u00eancia transformadora.<br><\/p>\n\n\n\n<figure class=\"wp-block-image size-large\"><img decoding=\"async\" width=\"720\" height=\"340\" src=\"https:\/\/natureup.com\/br\/wp-content\/uploads\/2022\/05\/Selo-NatureUp720-720x340.jpg\" alt=\"\" class=\"wp-image-2279\"\/><\/figure>\n\n\n\n<h2 class=\"wp-block-heading\">Como funciona o Selo de Transpar\u00eancia Ambiental<\/h2>\n\n\n\n<p><\/p>\n\n\n\n<p>O Selo de Transpar\u00eancia NatureUp! leva informa\u00e7\u00f5es da empresa e seus produtos para as vitrines, pontos de venda, quiosques, ve\u00edculos, impressos, etiquetas, salas de espera, recep\u00e7\u00f5es, eventos e outras formas de comunica\u00e7\u00e3o.<br>Encontrar o selo digital indica que a organiza\u00e7\u00e3o desenvolve suas atividades com responsabilidade social e m\u00ednimo impacto ambiental; e que existem itens de sustentabilidade nos produtos, servi\u00e7os e instala\u00e7\u00f5es. Mais que isso, diz ao mercado: veja o que estamos fazendo agora, de verdade, para preservar a qualidade da sua vida e das futuras gera\u00e7\u00f5es. <\/p>\n\n\n\n<p><\/p>\n\n\n\n<p>Al\u00e9m de mostrar sustentabilidade em tempo real e identificar organiza\u00e7\u00f5es comprometidas com a excel\u00eancia ambiental, o Selo concentra, num \u00fanico lugar, todos os certificados, compromissos, metas e a\u00e7\u00f5es definidas nos crit\u00e9rios Ambientais, Sociais e de Governan\u00e7a do ESG. Mais que isso, permite acesso online \u00e0s informa\u00e7\u00f5es publicadas pela pr\u00f3pria empresa, que pode apresentar e atualizar seu projeto em qualquer est\u00e1gio, desde os primeiros passos.<\/p>\n\n\n\n<p><\/p>\n\n\n\n<p>O sistema de informa\u00e7\u00e3o ambiental aprovado pela Uni\u00e3o Europeia, e adotado pela NatureUp!, pode ser usado voluntariamente por todos os \u201cplayers\u201d do mercado. O incentivo \u00e0 publica\u00e7\u00e3o transparente de investimentos alinhados com os crit\u00e9rios da \u201cgreen economy\u201d, al\u00e9m de melhorar a imagem institucional, pode ajudar as empresas no financiamento de suas atividades sustent\u00e1veis. Cada vez mais investidores e institui\u00e7\u00f5es financeiras adotam a classifica\u00e7\u00e3o de risco para elevar o fator de pondera\u00e7\u00e3o de ativos ecol\u00f3gicos.<\/p>\n\n\n\n<p><\/p>\n\n\n\n<p>Criado na p\u00f3s-gradua\u00e7\u00e3o da FAAP \u2013 Funda\u00e7\u00e3o Armando \u00c1lvares Penteado, para mostrar iniciativas de sustentabilidade de empresas e governos, o Selo NatureUp! \u00e9 uma aplica\u00e7\u00e3o inteligente da tecnologia qrcode, c\u00f3digo interativo que pode ser lido com smartphones. Como todo Selo de Ades\u00e3o Volunt\u00e1ria, tem como base a autodeclara\u00e7\u00e3o, cujas informa\u00e7\u00f5es ficam sujeitas a auditoria de conformidade e den\u00fancias.<\/p>\n\n\n\n<p><br><\/p>\n\n\n\n<h2 class=\"wp-block-heading\">Cen\u00e1rios e Conceitos que ajudam a entender<\/h2>\n\n\n\n<p><br><strong>Emerg\u00eancias<\/strong>: O mais recente relat\u00f3rio do IPCC \u2013 Painel Intergovernamental sobre Mudan\u00e7as Clim\u00e1ticas, da ONU, alerta que a humanidade tem apenas at\u00e9 2025 para frear as emiss\u00f5es de poluentes do efeito estufa e impedir consequ\u00eancias irrevers\u00edveis ao planeta em raz\u00e3o do aquecimento global. Outro relat\u00f3rio da ONU, elaborado pela OMS \u2013 Organiza\u00e7\u00e3o Mundial da Sa\u00fade, afirma que praticamente toda a popula\u00e7\u00e3o mundial respira ar considerado impr\u00f3prio. A solu\u00e7\u00e3o \u00e9 abandonar o uso de combust\u00edveis f\u00f3sseis, diz a Organiza\u00e7\u00e3o das Na\u00e7\u00f5es Unidas. Mas a emerg\u00eancia tamb\u00e9m est\u00e1 nos n\u00edveis de polui\u00e7\u00e3o das cidades, rios e oceanos. O lixo, que poderia ser reciclado, gerar empregos e economizar recursos naturais, \u00e9 enterrado a peso de ouro.<\/p>\n\n\n\n<p><br><strong>Consumidores<\/strong>: Depois da pandemia e dos eventos clim\u00e1ticos cada vez mais destruidores, os consumidores ficaram mais conscientes e querem saber a natureza de suas marcas preferidas. Buscam informa\u00e7\u00f5es e at\u00e9 participam de boicotes quando encontram produtos e servi\u00e7os sem aten\u00e7\u00e3o ambiental e social, incluindo crueldade com animais.<br>Fornecedores: Alguns grandes investidores descobriram o potencial de neg\u00f3cios da economia verde e, alinhados aos mercados internacionais, decidem produzir com m\u00ednimo impacto e pouca exposi\u00e7\u00e3o aos riscos do clima. Fornecedores atualizam e divulgam suas refer\u00eancias de sustentabilidade, porque a tend\u00eancia \u00e9 irrevers\u00edvel para todos os setores.<\/p>\n\n\n\n<p><br><strong>Tend\u00eancia<\/strong>: Seguindo a tend\u00eancia, a iniciativa da NatureUp! concede status de neg\u00f3cio aos recursos naturais, sem incentivar consumismo e gan\u00e2ncia. Trata com maturidade e responsabilidade o tema Neg\u00f3cios da Natureza. Quem precisa cuida, mas a humanidade \u00e9 a \u00fanica esp\u00e9cie que destr\u00f3i o que precisa para viver.<br>Ant\u00eddoto: A realidade \u00e9 que tudo vem da natureza e se transforma no dinheiro que move a economia e impacta o ambiente. Por sua vez, as mudan\u00e7as clim\u00e1ticas, a polui\u00e7\u00e3o e a gan\u00e2ncia impactam a economia. A economia verde \u00e9 o ant\u00eddoto extra\u00eddo da pr\u00f3pria natureza contra a economia tradicional;<\/p>\n\n\n\n<p><br><strong>Acessibilidade<\/strong>: At\u00e9 os ricos concordam que a economia verde \u00e9 a solu\u00e7\u00e3o para o planeta inteiro e n\u00e3o somente para o meio ambiente. Resolve os maiores problemas do mil\u00eanio, incluindo a falta de empregos para todos. Mas os resultados devem aparecer quando o acesso for democratizado, o mercado for ampliado, quando mais espa\u00e7os forem ocupados. O poder da economia verde invadir\u00e1 as cidades para dar independ\u00eancia financeira e melhorar a vida. Os munic\u00edpios s\u00e3o c\u00e9lulas da economia verde e espa\u00e7os de valida\u00e7\u00e3o dos crit\u00e9rios ESG.<\/p>\n\n\n\n<p><br><strong>Iceberg<\/strong>: Se o termo economia sempre esteve distante dos populares, pouco preparados para os c\u00e1lculos, imagine falar em economia verde! Ao contr\u00e1rio do que se pensa, n\u00e3o \u00e9 coisa s\u00f3 da agricultura, n\u00e3o \u00e9 coisa s\u00f3 de rico. Mas deixou a sensa\u00e7\u00e3o de que \u00e9 s\u00f3 para quem tem dinheiro para investir. A verdade \u00e9 que at\u00e9 agora os vultosos n\u00fameros do mercado de carbono inibiram outras varia\u00e7\u00f5es do tema. Mas todo o carbono do planeta \u00e9 somente a ponta do iceberg, diante das infinitas possibilidades da economia verde.<\/p>\n\n\n\n<p><br><strong>Resultados<\/strong>: A economia verde ainda est\u00e1 mirando no atacado, para resolver as emerg\u00eancias globais. Por\u00e9m, \u00e9 no varejo que os resultados ser\u00e3o vis\u00edveis, abrindo oportunidades para quem est\u00e1 cansado de espera a vez de entrar no jogo. Reconhecer que a economia depende do ambiente, dos recursos naturais e da forma como s\u00e3o utilizados, e que tudo poderia ser feito com menos impactos, \u00e9 o primeiro passo para garantir o sucesso da economia verde, o ant\u00eddoto natural para o modelo que n\u00e3o deu certo.<\/p>\n\n\n\n<p><\/p>\n\n\n\n<p><\/p>\n\n\n\n<p><strong>Oportunidade<\/strong>: Vem a\u00ed a melhor e maior onda de oportunidades de todos os tempos! \u00c9 que o planeta entrou em reforma. Tudo ser\u00e1 revisado, repensado e reconstru\u00eddo. E a \u00fanica exig\u00eancia para participar das obras de reconstru\u00e7\u00e3o \u00e9 ser verde, de verdade. A economia verde consegue colocar no jogo quem est\u00e1 cansado de esperar a vez. Tem o incr\u00edvel poder de gerar renda, para todos.<\/p>\n\n\n\n<p><br><strong>Guerra<\/strong>: A guerra acelerou o processo de transforma\u00e7\u00e3o da economia em economia verde. Pouco antes da pandemia, os investidores e gestores das maiores fortunas do mundo j\u00e1 haviam se alinhado aos ativistas e preparavam a transi\u00e7\u00e3o energ\u00e9tica. Ent\u00e3o veio a invas\u00e3o russa que acordou o ocidente para os riscos da depend\u00eancia por commodities sujeitas aos humores externos. Come\u00e7ando pela energia e alimentos, os pa\u00edses europeus e Estados Unidos decidiram gastar quanto for preciso para acelerar o novo jeito de fazer as coisas.<\/p>\n\n\n\n<p><br><strong>Futuro<\/strong>: Mais que uma plataforma de marcas verdes para viver e trabalhar, NatureUp! \u00e9 uma startup de inclus\u00e3o na economia verde, abrindo oportunidades entre todas as partes interessadas (stakeholders).<\/p>\n\n\n\n<p>Fazer inclus\u00e3o verde \u00e9 incentivar quem est\u00e1 no caminho e mostrar um planeta de possibilidades para quem ainda n\u00e3o descobriu por onde come\u00e7ar. A NatureUp! est\u00e1 come\u00e7ando agora. Vamos juntos?<\/p>\n\n\n\n<p><\/p>\n","protected":false},"excerpt":{"rendered":"<p>Com tecnologia, empresas podem declarar respeito pela natureza, pessoas e animais, sem gastar rios de dinheiro Encontrar tudo que precisa num s\u00f3 lugar, por\u00e9m, produzido e distribu\u00eddo com m\u00ednimo impacto sobre o ambiente e as pessoas, faz toda diferen\u00e7a na vida de muita gente. Ali\u00e1s, muita gente mesmo! Segundo pesquisa do ITS \u2013 Instituto de [&hellip;]<\/p>\n","protected":false},"author":1,"featured_media":0,"parent":0,"menu_order":0,"comment_status":"closed","ping_status":"closed","template":"","meta":{"footnotes":""},"class_list":["post-2086","page","type-page","status-publish","hentry"],"_links":{"self":[{"href":"https:\/\/natureup.com\/br\/wp-json\/wp\/v2\/pages\/2086","targetHints":{"allow":["GET"]}}],"collection":[{"href":"https:\/\/natureup.com\/br\/wp-json\/wp\/v2\/pages"}],"about":[{"href":"https:\/\/natureup.com\/br\/wp-json\/wp\/v2\/types\/page"}],"author":[{"embeddable":true,"href":"https:\/\/natureup.com\/br\/wp-json\/wp\/v2\/users\/1"}],"replies":[{"embeddable":true,"href":"https:\/\/natureup.com\/br\/wp-json\/wp\/v2\/comments?post=2086"}],"version-history":[{"count":12,"href":"https:\/\/natureup.com\/br\/wp-json\/wp\/v2\/pages\/2086\/revisions"}],"predecessor-version":[{"id":2539,"href":"https:\/\/natureup.com\/br\/wp-json\/wp\/v2\/pages\/2086\/revisions\/2539"}],"wp:attachment":[{"href":"https:\/\/natureup.com\/br\/wp-json\/wp\/v2\/media?parent=2086"}],"curies":[{"name":"wp","href":"https:\/\/api.w.org\/{rel}","templated":true}]}}