{"id":2088,"date":"2022-05-19T15:12:50","date_gmt":"2022-05-19T18:12:50","guid":{"rendered":"https:\/\/natureup.com\/br\/?page_id=2088"},"modified":"2022-06-02T15:41:59","modified_gmt":"2022-06-02T18:41:59","slug":"dia-do-meio-ambiente","status":"publish","type":"page","link":"https:\/\/natureup.com\/br\/dia-do-meio-ambiente\/","title":{"rendered":"Startup muda o Dia do Meio Ambiente"},"content":{"rendered":"\n<blockquote class=\"wp-block-quote is-layout-flow wp-block-quote-is-layout-flow\"><p>&#8220;Nada \u00e9 mais poderoso do que uma id\u00e9ia cujo tempo chegou&#8221;. A famosa frase do escritor franc\u00eas Vitor Hugo, explica a velocidade da transi\u00e7\u00e3o para a nova Economia Verde.<\/p><\/blockquote>\n\n\n\n<p><\/p>\n\n\n\n<figure class=\"wp-block-image size-large is-resized is-style-default\"><img fetchpriority=\"high\" decoding=\"async\" src=\"https:\/\/natureup.com\/br\/wp-content\/uploads\/2022\/05\/greencard_greencode-631x340.png\" alt=\"\" class=\"wp-image-2328\" width=\"681\" height=\"367\"\/><\/figure>\n\n\n\n<h1 class=\"wp-block-heading\">Mudamos o Dia do Meio Ambiente!<\/h1>\n\n\n\n<h3 class=\"wp-block-heading\">Porque tamanha import\u00e2ncia n\u00e3o cabe mais num \u00fanico 5 de junho<\/h3>\n\n\n\n<div style=\"height:45px\" aria-hidden=\"true\" class=\"wp-block-spacer\"><\/div>\n\n\n\n<p>Somos a NatureUp! Na era da sustentabilidade e da mobilidade, inventamos o Selo Green Code para identificar e mostrar online, durante o ano inteiro, como as marcas e lugares combinam economia com ecologia. O qrcode ganhou uma aplica\u00e7\u00e3o verde para que empresas, institui\u00e7\u00f5es e governos consigam reunir e atualizar suas informa\u00e7\u00f5es, certifica\u00e7\u00f5es, compromissos e pr\u00e1ticas, como as refer\u00eancias Ambientais, Sociais e de Governan\u00e7a Corporativa do ESG.<\/p>\n\n\n\n<p>O Green Code representa quebra de paradigma no conceito de comunica\u00e7\u00e3o ambiental. A inova\u00e7\u00e3o coloca seus diferenciais de mercado nas vitrines, pontos de venda, etiquetas, impressos, ve\u00edculos e outros locais, al\u00e9m de facilitar a vida da nova gera\u00e7\u00e3o de consumidores, empreendedores e investidores que est\u00e3o revolucionando o mercado. Nenhuma empresa est\u00e1 obrigada a ser sustent\u00e1vel, por\u00e9m cedo ou tarde ter\u00e1 que explicar porque devem continuar confiando nela.<\/p>\n\n\n\n<p>Por\u00e9m, a melhor not\u00edcia \u00e9 que aparecer entre o verdes deixa de ser um sonho imposs\u00edvel para os pequenos neg\u00f3cios. O selo digital permite que empresas de todos os portes e setores (menos drogas e armas), apresentem seu projeto em qualquer est\u00e1gio, desde os primeiros passos, com &#8220;transpar\u00eancia e verdade&#8221;. Afinal, as pessoas querem isso, afirmam as pesquisas.<\/p>\n\n\n\n<p><\/p>\n\n\n\n<div style=\"height:45px\" aria-hidden=\"true\" class=\"wp-block-spacer\"><\/div>\n\n\n\n<p><\/p>\n\n\n\n<figure class=\"wp-block-image size-full is-resized is-style-default\"><img decoding=\"async\" src=\"https:\/\/natureup.com\/br\/wp-content\/uploads\/2022\/05\/icon_b2c_512.png\" alt=\"\" class=\"wp-image-1827\" width=\"256\" height=\"256\" srcset=\"https:\/\/natureup.com\/br\/wp-content\/uploads\/2022\/05\/icon_b2c_512.png 512w, https:\/\/natureup.com\/br\/wp-content\/uploads\/2022\/05\/icon_b2c_512-300x300.png 300w\" sizes=\"(max-width: 256px) 100vw, 256px\" \/><\/figure>\n\n\n\n<p>Todas as informa\u00e7\u00f5es do selo est\u00e3o em plataformas digitais, criadas para que os fornecedores dos mercados <strong><a rel=\"noreferrer noopener\" href=\"https:\/\/natureup.com\/brb2c\" target=\"_blank\">pessoal<\/a><\/strong> e <strong><a rel=\"noreferrer noopener\" href=\"https:\/\/natureup.com\/brb2b\" target=\"_blank\">corporativo<\/a><\/strong> mostrem suas listas de naturais, ecol\u00f3gicos, org\u00e2nicos, veganos e ambientais. \u00c9 o Mapa da Economia Verde no Brasil.<\/p>\n\n\n\n<div style=\"height:45px\" aria-hidden=\"true\" class=\"wp-block-spacer\"><\/div>\n\n\n\n<p><\/p>\n\n\n\n<p><\/p>\n\n\n\n<p><\/p>\n\n\n\n<figure class=\"wp-block-image size-full is-style-default\"><a href=\"https:\/\/natureup.com\/br\/\"><img decoding=\"async\" width=\"512\" height=\"416\" src=\"https:\/\/natureup.com\/br\/wp-content\/uploads\/2022\/05\/entrenoclima.png\" alt=\"\" class=\"wp-image-2313\"\/><\/a><\/figure>\n\n\n\n<p><br><\/p>\n\n\n\n<p>O selo digital \u00e9 apenas uma parte da iniciativa. A primeira startup especializada em solu\u00e7\u00f5es de mercado para a economia verde, chega com um pacote de experi\u00eancias para a inclus\u00e3o das pessoas, empresas, institui\u00e7\u00f5es e cidades ao melhor neg\u00f3cio do planeta: ser verde. Conhe\u00e7a as estrat\u00e9gias e ferramentas que podem transformar sua vida pessoal e profissional.<\/p>\n\n\n\n<div style=\"height:45px\" aria-hidden=\"true\" class=\"wp-block-spacer\"><\/div>\n\n\n\n<h3 class=\"wp-block-heading\">ENTRE NO CLIMA! \u00c9 UM INOVADOR CONVITE DA NATUREUP! PARA MUDAR O FOCO E APROVEITAR AS OPORTUNIDADES DO COMBATE \u00c0S MUDAN\u00c7AS CLIM\u00c1TICAS E SEUS EFEITOS.<\/h3>\n\n\n\n<div style=\"height:45px\" aria-hidden=\"true\" class=\"wp-block-spacer\"><\/div>\n\n\n\n<p>As mudan\u00e7as clim\u00e1ticas, a pandemia e at\u00e9 a guerra, anteciparam a economia verde para ontem. Da energia \u00e0 produ\u00e7\u00e3o de alimentos, tudo ser\u00e1 repensado. Veja o que acontece com o setor de energia solar. Na pr\u00e1tica, vem a\u00ed a maior e melhor onda de oportunidades de todos os tempos, come\u00e7ando pelos neg\u00f3cios e empregos. E a \u00fanica exig\u00eancia \u00e9 ser verde, sem truques.<\/p>\n\n\n\n<p>A Economia Verde tem o poder de resolver as maiores crises do mil\u00eanio: econ\u00f4mica, clim\u00e1tica, social, sanit\u00e1ria e \u00e9tica. A nova economia \u00e9 o ant\u00eddoto natural contra os males da economia tradicional. Mas precisa de acessibilidade e capilaridade.<\/p>\n\n\n\n<div style=\"height:45px\" aria-hidden=\"true\" class=\"wp-block-spacer\"><\/div>\n\n\n\n<h3 class=\"wp-block-heading\">ACREDITAMOS NA INCLUS\u00c3O COMO ESTRAT\u00c9GIA DE INCENTIVO \u00c0S TRANSFORMA\u00c7\u00d5ES.<\/h3>\n\n\n\n<div style=\"height:45px\" aria-hidden=\"true\" class=\"wp-block-spacer\"><\/div>\n\n\n\n<p>Visite no site <a href=\"https:\/\/natureup.com\/br\/\" data-type=\"URL\" data-id=\"https:\/\/natureup.com\/br\/\"><strong>natureup.com<\/strong><\/a> todos os detalhes da estrat\u00e9gia Entre no Clima!<\/p>\n\n\n\n<div style=\"height:100px\" aria-hidden=\"true\" class=\"wp-block-spacer\"><\/div>\n\n\n\n<h3 class=\"wp-block-heading\">ESTAMOS CONSTRUINDO O MAPA DA ECONOMIA VERDE NO BRASIL. COM CERTEZA A SUA ORGANIZA\u00c7\u00c3O TEM SUSTENTABILIDADE PRA MOSTRAR<\/h3>\n\n\n\n<div style=\"height:100px\" aria-hidden=\"true\" class=\"wp-block-spacer\"><\/div>\n\n\n\n<blockquote class=\"wp-block-quote is-layout-flow wp-block-quote-is-layout-flow\"><p>Voc\u00ea sabia? Tudo vem da natureza e vira o dinheiro que move a economia. Toda atividade econ\u00f4mica impacta o ambiente. Por\u00e9m, a natureza em sua diversidade convive com mais de 90 tons de verde, lembrando que cada atividade exige diferentes n\u00edveis de controle, compat\u00edveis com os riscos que representam ao ambiente. Empresas de todos os tamanhos e setores, com medo de n\u00e3o estarem plenamente verdes, adiam a decis\u00e3o de valorizar suas a\u00e7\u00f5es e perdem espa\u00e7o, tempo e dinheiro\u201d.<\/p><\/blockquote>\n\n\n\n<blockquote class=\"wp-block-quote is-layout-flow wp-block-quote-is-layout-flow\"><p>A NatureUp! \u00e9 uma startup de intera\u00e7\u00e3o social que coloca o consumidor e o empreendedor no cen\u00e1rio da economia verde, atrav\u00e9s de parcerias com organiza\u00e7\u00f5es que j\u00e1 est\u00e3o no caminho ou chegaram l\u00e1. Inspirada nos ecossistemas colaborativos e participativos da natureza, executa suas a\u00e7\u00f5es, ideias e experi\u00eancias com as modernas ferramentas da neuroci\u00eancia e da tecnologia, como a \u201cCollaborative Intelligence\u201d e o \u201cCrowdsourcing\u201d. A decis\u00e3o de adotar o modelo \u201cStakeholder\u201d de gest\u00e3o com responsabilidade social, direciona suas aten\u00e7\u00f5es para as necessidades e expectativas de todas as partes interessadas.<\/p><\/blockquote>\n\n\n\n<p><\/p>\n","protected":false},"excerpt":{"rendered":"<p>&#8220;Nada \u00e9 mais poderoso do que uma id\u00e9ia cujo tempo chegou&#8221;. A famosa frase do escritor franc\u00eas Vitor Hugo, explica a velocidade da transi\u00e7\u00e3o para a nova Economia Verde. Mudamos o Dia do Meio Ambiente! Porque tamanha import\u00e2ncia n\u00e3o cabe mais num \u00fanico 5 de junho Somos a NatureUp! Na era da sustentabilidade e da [&hellip;]<\/p>\n","protected":false},"author":1,"featured_media":0,"parent":0,"menu_order":0,"comment_status":"closed","ping_status":"closed","template":"","meta":{"footnotes":""},"class_list":["post-2088","page","type-page","status-publish","hentry"],"_links":{"self":[{"href":"https:\/\/natureup.com\/br\/wp-json\/wp\/v2\/pages\/2088","targetHints":{"allow":["GET"]}}],"collection":[{"href":"https:\/\/natureup.com\/br\/wp-json\/wp\/v2\/pages"}],"about":[{"href":"https:\/\/natureup.com\/br\/wp-json\/wp\/v2\/types\/page"}],"author":[{"embeddable":true,"href":"https:\/\/natureup.com\/br\/wp-json\/wp\/v2\/users\/1"}],"replies":[{"embeddable":true,"href":"https:\/\/natureup.com\/br\/wp-json\/wp\/v2\/comments?post=2088"}],"version-history":[{"count":27,"href":"https:\/\/natureup.com\/br\/wp-json\/wp\/v2\/pages\/2088\/revisions"}],"predecessor-version":[{"id":2513,"href":"https:\/\/natureup.com\/br\/wp-json\/wp\/v2\/pages\/2088\/revisions\/2513"}],"wp:attachment":[{"href":"https:\/\/natureup.com\/br\/wp-json\/wp\/v2\/media?parent=2088"}],"curies":[{"name":"wp","href":"https:\/\/api.w.org\/{rel}","templated":true}]}}