{"id":2150,"date":"2022-05-21T10:11:03","date_gmt":"2022-05-21T13:11:03","guid":{"rendered":"https:\/\/natureup.com\/br\/?page_id=2150"},"modified":"2023-03-26T08:35:52","modified_gmt":"2023-03-26T11:35:52","slug":"bonsmotivos","status":"publish","type":"page","link":"https:\/\/natureup.com\/br\/bonsmotivos\/","title":{"rendered":"Bons Motivos para ser verde com a Nature Up!"},"content":{"rendered":"<p>[vc_row][vc_column width=&#8221;1\/2&#8243;][ct_single_image image=&#8221;3774&#8243; img_size=&#8221;full&#8221; image_align=&#8221;text-center&#8221; animation=&#8221;fadeInLeft&#8221;][\/vc_column][vc_column width=&#8221;1\/2&#8243;][ct_heading text=&#8221;<cite>Come\u00e7ou a Corrida<\/cite>&#8221; font_weight=&#8221;&#8221; font_weight_sub=&#8221;&#8221; description=&#8221;A crise clim\u00e1tica n\u00e3o \u00e9 fic\u00e7\u00e3o e nem fake news. A economia pariu um monstro que agora amea\u00e7a a vida no planeta e a pr\u00f3pria economia. Por isso come\u00e7ou a corrida para reverter o aquecimento antes que seja tarde demais. Entrar no Clima \u00e9 mudar o ponto de vista e transformar as amea\u00e7as em solu\u00e7\u00f5es para a natureza e o bolso.&#8221;][\/vc_column][\/vc_row][vc_row css=&#8221;.vc_custom_1679828985051{padding-top: 125px !important;}&#8221;][vc_column width=&#8221;1\/2&#8243;][ct_single_image image=&#8221;3866&#8243; img_size=&#8221;full&#8221; image_align=&#8221;text-center&#8221; animation=&#8221;fadeInLeft&#8221;][\/vc_column][vc_column width=&#8221;1\/2&#8243;][ct_heading text=&#8221;<cite>Combina com voc\u00ea?<\/cite>&#8221; font_weight=&#8221;&#8221; font_weight_sub=&#8221;&#8221; description=&#8221;A Nature Up! traduz esse clima de urg\u00eancia na linguagem do bolso, que todo mundo entende. Voc\u00ea n\u00e3o mata a natureza, mas pode estar comprando de quem mata e deixa o preju\u00edzo para os outros. Assim, pouco importa se a motiva\u00e7\u00e3o \u00e9 ecol\u00f3gica ou econ\u00f4mica, essencial \u00e9 saber quem est\u00e1 do mesmo lado, quem combina com voc\u00ea.&#8221;][\/vc_column][\/vc_row][vc_row css=&#8221;.vc_custom_1679828985051{padding-top: 125px !important;}&#8221;][vc_column width=&#8221;1\/2&#8243;][ct_single_image image=&#8221;3863&#8243; img_size=&#8221;full&#8221; image_align=&#8221;text-center&#8221; animation=&#8221;fadeInLeft&#8221;][\/vc_column][vc_column width=&#8221;1\/2&#8243;][ct_heading text=&#8221;<cite>Quem paga a conta?<\/cite>&#8221; font_weight=&#8221;&#8221; font_weight_sub=&#8221;&#8221; description=&#8221;Como o poder econ\u00f4mico consegue adiar at\u00e9 os acordos de vida ou morte do planeta? Faltava devolver o papel principal ao consumidor. Cansado de pagar sozinho todas as contas da economia, ele descobriu que tamb\u00e9m \u00e9 dono do dinheiro que vem mesmo \u00e9 da natureza. E resolveu escolher entre os verdes&#8230; e os outros.&#8221;][\/vc_column][\/vc_row][vc_row css=&#8221;.vc_custom_1679828985051{padding-top: 125px !important;}&#8221;][vc_column width=&#8221;1\/2&#8243;][ct_single_image image=&#8221;3780&#8243; img_size=&#8221;full&#8221; image_align=&#8221;text-center&#8221; animation=&#8221;fadeInLeft&#8221;][\/vc_column][vc_column width=&#8221;1\/2&#8243;][ct_heading text=&#8221;<cite>Salvar planeta e bolso<\/cite>&#8221; font_weight=&#8221;&#8221; font_weight_sub=&#8221;&#8221; description=&#8221;O dinheiro e todas as coisas v\u00eam mesmo \u00e9 da natureza ou t\u00eam rela\u00e7\u00e3o com ela. Viver de Economia Verde \u00e9 a solu\u00e7\u00e3o para resolver as dores do planeta e do bolso. Ocupar todas as gera\u00e7\u00f5es no desafio de repensar e reinventar tudo que n\u00e3o seja ecol\u00f3gico, \u00e9 a parte do tesouro al\u00e9m da ponta do iceberg. A energia solar \u00e9 apenas um exemplo.&#8221;][\/vc_column][\/vc_row][vc_row css=&#8221;.vc_custom_1679828985051{padding-top: 125px !important;}&#8221;][vc_column width=&#8221;1\/2&#8243;][ct_single_image image=&#8221;3778&#8243; img_size=&#8221;full&#8221; image_align=&#8221;text-center&#8221; animation=&#8221;fadeInLeft&#8221;][\/vc_column][vc_column width=&#8221;1\/2&#8243;][ct_heading text=&#8221;<cite>Tem lugar pra todos!<\/cite>&#8221; font_weight=&#8221;&#8221; font_weight_sub=&#8221;&#8221; description=&#8221;No jogo da economia verde tem lugar pra voc\u00ea tamb\u00e9m. A proposta inclusiva da Nature Up! abre as vantagens da nova economia para todos os setores, menos drogas, armas e tr\u00e1fico de qualquer esp\u00e9cie. O nome Economia Verde une o sentido amplo e moderno do que \u00e9 ser verde a todos os conceitos j\u00e1 criados com a mesma ess\u00eancia.&#8221;][\/vc_column][\/vc_row][vc_row css=&#8221;.vc_custom_1679828985051{padding-top: 125px !important;}&#8221;][vc_column width=&#8221;1\/2&#8243;][ct_single_image image=&#8221;3777&#8243; img_size=&#8221;full&#8221; image_align=&#8221;text-center&#8221; animation=&#8221;fadeInLeft&#8221;][\/vc_column][vc_column width=&#8221;1\/2&#8243;][ct_heading text=&#8221;<cite>Pode come\u00e7ar agora<\/cite>&#8221; font_weight=&#8221;&#8221; font_weight_sub=&#8221;&#8221; description=&#8221;Todas as atividades impactam o ambiente, de diferentes formas e intensidades. Talvez a sua empresa esteja perdendo tempo e dinheiro enquanto espera ficar 100% antes de aparecer. Um bom come\u00e7o \u00e9 mostrar como respeita a natureza, as pessoas e os animais, sem gastar rios de dinheiro. Adote j\u00e1 o Selo da Economia Verde.&#8221;][\/vc_column][\/vc_row][vc_row css=&#8221;.vc_custom_1679828985051{padding-top: 125px !important;}&#8221;][vc_column width=&#8221;1\/2&#8243;][ct_single_image image=&#8221;3779&#8243; img_size=&#8221;full&#8221; image_align=&#8221;text-center&#8221; animation=&#8221;fadeInLeft&#8221;][\/vc_column][vc_column width=&#8221;1\/2&#8243;][ct_heading text=&#8221;<cite>Onde Investir?<\/cite>&#8221; font_weight=&#8221;&#8221; font_weight_sub=&#8221;&#8221; description=&#8221;Cidades s\u00e3o ambientes perfeitos para valida\u00e7\u00e3o de metas e refer\u00eancias verdes como o ESG dos crit\u00e9rios ambientais, sociais e de governan\u00e7a. Onde investir? A Nature Up! vai compartilhar as possibilidades da economia verde para quem espera \u201cparticipar do jogo\u201d e n\u00e3o somente \u201cficar na torcida\u201d por melhores cidades e mudan\u00e7as de vida.&#8221;][\/vc_column][\/vc_row][vc_row css=&#8221;.vc_custom_1679828985051{padding-top: 125px !important;}&#8221;][vc_column width=&#8221;1\/2&#8243;][ct_single_image image=&#8221;3864&#8243; img_size=&#8221;full&#8221; image_align=&#8221;text-center&#8221; animation=&#8221;fadeInLeft&#8221;][\/vc_column][vc_column width=&#8221;1\/2&#8243;][ct_heading text=&#8221;<cite>Melhores Not\u00edcias<\/cite>&#8221; font_weight=&#8221;&#8221; font_weight_sub=&#8221;&#8221; description=&#8221;Nenhuma empresa est\u00e1 obrigada entrar na economia verde. Por\u00e9m, cedo ou tarde ter\u00e1 que explicar aos consumidores e investidores porque devem continuar confiando nela. A boa not\u00edcia \u00e9 que tem muita gente vivendo e trabalhando sem destruir a natureza. Abrimos espa\u00e7o para as ideias e a\u00e7\u00f5es que merecem incentivo.&#8221;][\/vc_column][\/vc_row][vc_row css=&#8221;.vc_custom_1679828985051{padding-top: 125px !important;}&#8221;][vc_column width=&#8221;1\/2&#8243;][ct_single_image image=&#8221;3865&#8243; img_size=&#8221;full&#8221; image_align=&#8221;text-center&#8221; animation=&#8221;fadeInLeft&#8221;][\/vc_column][vc_column width=&#8221;1\/2&#8243;][ct_heading text=&#8221;<cite>Vamos juntos?<\/cite>&#8221; font_weight=&#8221;&#8221; font_weight_sub=&#8221;&#8221; description=&#8221;A Plataforma de Economia Verde \u00e9 uma ideia que sai do papel atrav\u00e9s de parcerias. Est\u00e3o abertas as inscri\u00e7\u00f5es de fornecedores pessoais e profissionais para o mapa da economia verde em cada cidade do Brasil. Tamb\u00e9m buscamos parcerias com empresas e profissionais especializados em servi\u00e7os ambientais. Fa\u00e7a contato.&#8221;][\/vc_column][\/vc_row]<\/p>\n","protected":false},"excerpt":{"rendered":"<p>[vc_row][vc_column width=&#8221;1\/2&#8243;][ct_single_image image=&#8221;3774&#8243; img_size=&#8221;full&#8221; image_align=&#8221;text-center&#8221; animation=&#8221;fadeInLeft&#8221;][\/vc_column][vc_column width=&#8221;1\/2&#8243;][ct_heading text=&#8221;Come\u00e7ou a Corrida&#8221; font_weight=&#8221;&#8221; font_weight_sub=&#8221;&#8221; description=&#8221;A crise clim\u00e1tica n\u00e3o \u00e9 fic\u00e7\u00e3o e nem fake news. A economia pariu um monstro que agora amea\u00e7a a vida no planeta e a pr\u00f3pria economia. Por isso come\u00e7ou a corrida para reverter o aquecimento antes que seja tarde demais. Entrar no Clima [&hellip;]<\/p>\n","protected":false},"author":1,"featured_media":0,"parent":0,"menu_order":0,"comment_status":"closed","ping_status":"closed","template":"","meta":{"footnotes":""},"class_list":["post-2150","page","type-page","status-publish","hentry"],"_links":{"self":[{"href":"https:\/\/natureup.com\/br\/wp-json\/wp\/v2\/pages\/2150","targetHints":{"allow":["GET"]}}],"collection":[{"href":"https:\/\/natureup.com\/br\/wp-json\/wp\/v2\/pages"}],"about":[{"href":"https:\/\/natureup.com\/br\/wp-json\/wp\/v2\/types\/page"}],"author":[{"embeddable":true,"href":"https:\/\/natureup.com\/br\/wp-json\/wp\/v2\/users\/1"}],"replies":[{"embeddable":true,"href":"https:\/\/natureup.com\/br\/wp-json\/wp\/v2\/comments?post=2150"}],"version-history":[{"count":31,"href":"https:\/\/natureup.com\/br\/wp-json\/wp\/v2\/pages\/2150\/revisions"}],"predecessor-version":[{"id":4001,"href":"https:\/\/natureup.com\/br\/wp-json\/wp\/v2\/pages\/2150\/revisions\/4001"}],"wp:attachment":[{"href":"https:\/\/natureup.com\/br\/wp-json\/wp\/v2\/media?parent=2150"}],"curies":[{"name":"wp","href":"https:\/\/api.w.org\/{rel}","templated":true}]}}