{"id":5498,"date":"2022-01-15T10:19:09","date_gmt":"2022-01-15T13:19:09","guid":{"rendered":"https:\/\/natureup.com\/brb2b\/?page_id=5498"},"modified":"2023-05-14T04:39:32","modified_gmt":"2023-05-14T07:39:32","slug":"catalogo-ou-marketplace","status":"publish","type":"page","link":"https:\/\/natureup.com\/brb2b\/catalogo-ou-marketplace\/","title":{"rendered":"Cat\u00e1logo ou Marketplace?"},"content":{"rendered":"\n<p><\/p>\n\n\n\n<p class=\"has-medium-font-size\">Come\u00e7amos pelo cat\u00e1logo de produtos e servi\u00e7os (Naturais, Org\u00e2nicos, Veganos, Ecol\u00f3gicos e Ambientais). Voc\u00ea pode publicar os produtos ou servi\u00e7os de sua empresa, com ou sem pre\u00e7os. Por\u00e9m, estamos preparando a inaugura\u00e7\u00e3o do marketplace para vendas diretas com entregas. N\u00e3o ser\u00e1 necess\u00e1rio repetir as informa\u00e7\u00f5es registradas. Consulte.<\/p>\n\n\n\n<p class=\"has-medium-font-size\">Cada vez mais pessoas querem saber onde est\u00e3o os Produtos e Servi\u00e7os que Respeitam a Sua Natureza e o Seu Jeito de Ser Verde.<\/p>\n\n\n\n<p class=\"has-medium-font-size\">Decidiram ser verdes e podem mudar a lista de fornecedores conforme as refer\u00eancias de sustentabilidade de suas marcas preferidas. Valorizam as iniciativas das empresas que escolhem gerar riqueza com m\u00ednimo impacto ambiental. Imagine quando descobrem que al\u00e9m da natureza, suas marcas verdes valorizam as pessoas e a \u00e9tica nos neg\u00f3cios, defendidas pelos crit\u00e9rios ESG.<\/p>\n\n\n\n<p class=\"has-medium-font-size\">A plataforma NatureUp.com \u00e9 a inova\u00e7\u00e3o que faltava para colocar sua empresa no Mapa da Economia Verde, aberta ao Mercado Consumidor (B2C) ou ao Mercado Corporativo (B2B chegando). Vamos Juntos?<\/p>\n","protected":false},"excerpt":{"rendered":"<p>Come\u00e7amos pelo cat\u00e1logo de produtos e servi\u00e7os (Naturais, Org\u00e2nicos, Veganos, Ecol\u00f3gicos e Ambientais). Voc\u00ea pode publicar os produtos ou servi\u00e7os de sua empresa, com ou sem pre\u00e7os. Por\u00e9m, estamos preparando a inaugura\u00e7\u00e3o do marketplace para vendas diretas com entregas. N\u00e3o ser\u00e1 necess\u00e1rio repetir as informa\u00e7\u00f5es registradas. Consulte. Cada vez mais pessoas querem saber onde est\u00e3o&hellip;<\/p>\n","protected":false},"author":1,"featured_media":0,"parent":0,"menu_order":0,"comment_status":"closed","ping_status":"open","template":"","meta":{"footnotes":""},"class_list":["post-5498","page","type-page","status-publish","hentry"],"_links":{"self":[{"href":"https:\/\/natureup.com\/brb2b\/wp-json\/wp\/v2\/pages\/5498","targetHints":{"allow":["GET"]}}],"collection":[{"href":"https:\/\/natureup.com\/brb2b\/wp-json\/wp\/v2\/pages"}],"about":[{"href":"https:\/\/natureup.com\/brb2b\/wp-json\/wp\/v2\/types\/page"}],"author":[{"embeddable":true,"href":"https:\/\/natureup.com\/brb2b\/wp-json\/wp\/v2\/users\/1"}],"replies":[{"embeddable":true,"href":"https:\/\/natureup.com\/brb2b\/wp-json\/wp\/v2\/comments?post=5498"}],"version-history":[{"count":5,"href":"https:\/\/natureup.com\/brb2b\/wp-json\/wp\/v2\/pages\/5498\/revisions"}],"predecessor-version":[{"id":5883,"href":"https:\/\/natureup.com\/brb2b\/wp-json\/wp\/v2\/pages\/5498\/revisions\/5883"}],"wp:attachment":[{"href":"https:\/\/natureup.com\/brb2b\/wp-json\/wp\/v2\/media?parent=5498"}],"curies":[{"name":"wp","href":"https:\/\/api.w.org\/{rel}","templated":true}]}}