{"id":5541,"date":"2022-01-15T12:21:15","date_gmt":"2022-01-15T15:21:15","guid":{"rendered":"https:\/\/natureup.com\/brb2b\/?page_id=5541"},"modified":"2022-04-07T11:17:03","modified_gmt":"2022-04-07T14:17:03","slug":"quem-somos","status":"publish","type":"page","link":"https:\/\/natureup.com\/brb2b\/quem-somos\/","title":{"rendered":"Quem Somos"},"content":{"rendered":"\n<div class=\"wp-block-image\"><figure class=\"aligncenter size-full is-resized\"><img fetchpriority=\"high\" decoding=\"async\" src=\"https:\/\/natureup.com\/brb2b\/wp-content\/uploads\/2022\/03\/icon_b2b_512.jpg\" alt=\"\" class=\"wp-image-5672\" width=\"437\" height=\"437\" srcset=\"https:\/\/natureup.com\/brb2b\/wp-content\/uploads\/2022\/03\/icon_b2b_512.jpg 512w, https:\/\/natureup.com\/brb2b\/wp-content\/uploads\/2022\/03\/icon_b2b_512-300x300.jpg 300w, https:\/\/natureup.com\/brb2b\/wp-content\/uploads\/2022\/03\/icon_b2b_512-150x150.jpg 150w, https:\/\/natureup.com\/brb2b\/wp-content\/uploads\/2022\/03\/icon_b2b_512-370x370.jpg 370w, https:\/\/natureup.com\/brb2b\/wp-content\/uploads\/2022\/03\/icon_b2b_512-100x100.jpg 100w\" sizes=\"(max-width: 437px) 100vw, 437px\" \/><\/figure><\/div>\n\n\n\n<h1 class=\"has-text-align-center wp-block-heading\">Marcas Verdes para os Mercados Corporativos<\/h1>\n\n\n\n<p class=\"has-medium-font-size\">Todas as atividades econ\u00f4micas impactam o ambiente em diferentes intensidades, como nas florestas, onde convivem centenas de tons de verde. Ent\u00e3o \u00e9 essencial saber como nossas marcas preferidas cuidam do futuro de nossos filhos e netos.<\/p>\n\n\n\n<p class=\"has-medium-font-size\">Est\u00e1 provado que tudo tem alguma rela\u00e7\u00e3o com a natureza. Por\u00e9m, at\u00e9 agora, muitos produtores, ind\u00fastrias, distribuidores e consumidores, abusaram impunemente dos recursos naturais. Nosso planeta tem utilizado a linguagem de sinais para dizer que n\u00e3o est\u00e1 bem. Os eventos clim\u00e1ticos cada vez mais destruidores, as pandemias e as novas doen\u00e7as impactam a economia. <\/p>\n\n\n\n<p class=\"has-medium-font-size\">Outra forte rea\u00e7\u00e3o vem dos consumidores em movimentos por diversas causas, e tamb\u00e9m dos investidores preocupados com as crescentes perdas. O conceito do que \u00e9 ser verde foi ampliado e evidencia muita gente boa trabalhando sem destruir a sua natureza e seu jeito de ser verde.<\/p>\n\n\n\n<p class=\"has-medium-font-size\"><br><strong>Marcas Verdes Valorizam a Natureza. S\u00e3o NatureUp!<\/strong><\/p>\n\n\n\n<p class=\"has-medium-font-size\"><br>Somos a startup que conecta Marcas Verdes aos mercados pessoais e corporativos. Colocamos no mapa, os fornecedores de produtos e servi\u00e7os que decidiram continuar vivos na Economia Verde, impulsionada pelas novas exig\u00eancias internacionais como o ESG das refer\u00eancias ambientais, sociais e de governan\u00e7a.<\/p>\n\n\n\n<p class=\"has-medium-font-size\">N\u00e3o por acaso, escolhemos a borboleta como s\u00edmbolo. Al\u00e9m da import\u00e2ncia na biodiversidade, sua presen\u00e7a \u00e9 um indicador da qualidade dos habitats e de eventuais mudan\u00e7as clim\u00e1ticas.<\/p>\n\n\n\n<p class=\"has-medium-font-size\">Viver e ganhar dinheiro com m\u00ednimo impacto ambiental e m\u00e1ximo impacto social \u00e9 tend\u00eancia irrevers\u00edvel em todas as \u00e1reas, porque tudo pode ser mais verde. As pessoas est\u00e3o descobrindo o poder das escolhas.<\/p>\n\n\n\n<p class=\"has-medium-font-size\">Seja Verde do Seu Jeito!<\/p>\n\n\n\n<p><\/p>\n\n\n\n<p>Voc\u00ea est\u00e1 na Se\u00e7\u00e3o de Compras Corporativas. Entrar na Se\u00e7\u00e3o de <a href=\"https:\/\/natureup.com\/brb2c\/\">Compras Pessoais<\/a>. Voltar ao <a href=\"https:\/\/natureup.com\">Site Principal<\/a><\/p>\n\n\n\n<p><\/p>\n\n\n\n<div class=\"wp-block-image\"><figure class=\"aligncenter size-full is-resized\"><img decoding=\"async\" src=\"https:\/\/natureup.com\/brb2b\/wp-content\/uploads\/2022\/01\/Logo-NatureUp-Green-Economy-Vertical.jpg\" alt=\"\" class=\"wp-image-5661\" width=\"438\" height=\"448\" srcset=\"https:\/\/natureup.com\/brb2b\/wp-content\/uploads\/2022\/01\/Logo-NatureUp-Green-Economy-Vertical.jpg 540w, https:\/\/natureup.com\/brb2b\/wp-content\/uploads\/2022\/01\/Logo-NatureUp-Green-Economy-Vertical-293x300.jpg 293w, https:\/\/natureup.com\/brb2b\/wp-content\/uploads\/2022\/01\/Logo-NatureUp-Green-Economy-Vertical-370x378.jpg 370w\" sizes=\"(max-width: 438px) 100vw, 438px\" \/><\/figure><\/div>\n","protected":false},"excerpt":{"rendered":"<p>Marcas Verdes para os Mercados Corporativos Todas as atividades econ\u00f4micas impactam o ambiente em diferentes intensidades, como nas florestas, onde convivem centenas de tons de verde. Ent\u00e3o \u00e9 essencial saber como nossas marcas preferidas cuidam do futuro de nossos filhos e netos. Est\u00e1 provado que tudo tem alguma rela\u00e7\u00e3o com a natureza. Por\u00e9m, at\u00e9 agora,&hellip;<\/p>\n","protected":false},"author":1,"featured_media":0,"parent":0,"menu_order":0,"comment_status":"closed","ping_status":"open","template":"","meta":{"footnotes":""},"class_list":["post-5541","page","type-page","status-publish","hentry"],"_links":{"self":[{"href":"https:\/\/natureup.com\/brb2b\/wp-json\/wp\/v2\/pages\/5541","targetHints":{"allow":["GET"]}}],"collection":[{"href":"https:\/\/natureup.com\/brb2b\/wp-json\/wp\/v2\/pages"}],"about":[{"href":"https:\/\/natureup.com\/brb2b\/wp-json\/wp\/v2\/types\/page"}],"author":[{"embeddable":true,"href":"https:\/\/natureup.com\/brb2b\/wp-json\/wp\/v2\/users\/1"}],"replies":[{"embeddable":true,"href":"https:\/\/natureup.com\/brb2b\/wp-json\/wp\/v2\/comments?post=5541"}],"version-history":[{"count":27,"href":"https:\/\/natureup.com\/brb2b\/wp-json\/wp\/v2\/pages\/5541\/revisions"}],"predecessor-version":[{"id":5765,"href":"https:\/\/natureup.com\/brb2b\/wp-json\/wp\/v2\/pages\/5541\/revisions\/5765"}],"wp:attachment":[{"href":"https:\/\/natureup.com\/brb2b\/wp-json\/wp\/v2\/media?parent=5541"}],"curies":[{"name":"wp","href":"https:\/\/api.w.org\/{rel}","templated":true}]}}