{"id":4929,"date":"2022-01-08T11:57:45","date_gmt":"2022-01-08T14:57:45","guid":{"rendered":"https:\/\/natureup.com\/brb2b\/product\/paes-laticinios-vinhos-e-sucos-artesanais\/"},"modified":"2022-03-28T11:57:58","modified_gmt":"2022-03-28T14:57:58","slug":"paes-laticinios-vinhos-e-sucos-artesanais","status":"publish","type":"product","link":"https:\/\/natureup.com\/brb2b\/product\/paes-laticinios-vinhos-e-sucos-artesanais\/","title":{"rendered":"Latic\u00ednios, Vinhos e Sucos Artesanais"},"content":{"rendered":"<p><span>Descri\u00e7\u00e3o\u00a0<\/span>Descri\u00e7\u00e3o\u00a0Descri\u00e7\u00e3o\u00a0Descri\u00e7\u00e3o\u00a0Descri\u00e7\u00e3o\u00a0Descri\u00e7\u00e3o\u00a0Descri\u00e7\u00e3o\u00a0Descri\u00e7\u00e3o\u00a0Descri\u00e7\u00e3o\u00a0Descri\u00e7\u00e3o\u00a0Descri\u00e7\u00e3o\u00a0Descri\u00e7\u00e3o\u00a0Descri\u00e7\u00e3o\u00a0Descri\u00e7\u00e3o\u00a0Descri\u00e7\u00e3o\u00a0Descri\u00e7\u00e3o\u00a0Descri\u00e7\u00e3o\u00a0Descri\u00e7\u00e3o\u00a0Descri\u00e7\u00e3o\u00a0Descri\u00e7\u00e3o\u00a0Descri\u00e7\u00e3o\u00a0Descri\u00e7\u00e3o\u00a0Descri\u00e7\u00e3o\u00a0Descri\u00e7\u00e3o\u00a0Descri\u00e7\u00e3o<\/p>\n<p>Descri\u00e7\u00e3o\u00a0Descri\u00e7\u00e3o\u00a0Descri\u00e7\u00e3o\u00a0Descri\u00e7\u00e3o\u00a0Descri\u00e7\u00e3o\u00a0Descri\u00e7\u00e3o\u00a0Descri\u00e7\u00e3o\u00a0Descri\u00e7\u00e3o\u00a0Descri\u00e7\u00e3o\u00a0Descri\u00e7\u00e3o\u00a0Descri\u00e7\u00e3o\u00a0Descri\u00e7\u00e3o\u00a0Descri\u00e7\u00e3o\u00a0Descri\u00e7\u00e3o<\/p>\n<p>Descri\u00e7\u00e3o\u00a0Descri\u00e7\u00e3o\u00a0Descri\u00e7\u00e3o\u00a0Descri\u00e7\u00e3o\u00a0Descri\u00e7\u00e3o\u00a0Descri\u00e7\u00e3o\u00a0Descri\u00e7\u00e3o\u00a0Descri\u00e7\u00e3o\u00a0Descri\u00e7\u00e3o\u00a0Descri\u00e7\u00e3o\u00a0Descri\u00e7\u00e3o\u00a0Descri\u00e7\u00e3o\u00a0Descri\u00e7\u00e3o\u00a0Descri\u00e7\u00e3o\u00a0Descri\u00e7\u00e3o\u00a0Descri\u00e7\u00e3o\u00a0Descri\u00e7\u00e3o\u00a0Descri\u00e7\u00e3o\u00a0Descri\u00e7\u00e3o<\/p>\n<p>Descri\u00e7\u00e3o\u00a0Descri\u00e7\u00e3o\u00a0Descri\u00e7\u00e3o\u00a0Descri\u00e7\u00e3o\u00a0Descri\u00e7\u00e3o\u00a0Descri\u00e7\u00e3o\u00a0Descri\u00e7\u00e3o\u00a0Descri\u00e7\u00e3o\u00a0Descri\u00e7\u00e3o\u00a0Descri\u00e7\u00e3o\u00a0Descri\u00e7\u00e3o\u00a0Descri\u00e7\u00e3o\u00a0Descri\u00e7\u00e3o\u00a0Descri\u00e7\u00e3o\u00a0Descri\u00e7\u00e3o\u00a0Descri\u00e7\u00e3o\u00a0Descri\u00e7\u00e3o<\/p>\n","protected":false},"excerpt":{"rendered":"<p><span>Breve Descri\u00e7\u00e3o\u00a0<\/span><span>Breve Descri\u00e7\u00e3o\u00a0<\/span><span>Breve Descri\u00e7\u00e3o\u00a0<\/span><span>Breve Descri\u00e7\u00e3o\u00a0<\/span><span>Breve Descri\u00e7\u00e3o\u00a0<\/span><span>Breve Descri\u00e7\u00e3o\u00a0<\/span><span>Breve Descri\u00e7\u00e3o\u00a0<\/span><span>Breve Descri\u00e7\u00e3o\u00a0<\/span><span>Breve Descri\u00e7\u00e3o\u00a0<\/span><span>Breve Descri\u00e7\u00e3o\u00a0<\/span><span>Breve Descri\u00e7\u00e3o\u00a0<\/span><span>Breve Descri\u00e7\u00e3o\u00a0<\/span><span>Breve Descri\u00e7\u00e3o\u00a0<\/span><span>Breve Descri\u00e7\u00e3o\u00a0<\/span><span>Breve Descri\u00e7\u00e3o\u00a0<\/span><span>Breve Descri\u00e7\u00e3o\u00a0<\/span><span>Breve Descri\u00e7\u00e3o\u00a0<\/span><span>Breve Descri\u00e7\u00e3o\u00a0<\/span><span>Breve Descri\u00e7\u00e3o\u00a0<\/span><span>Breve Descri\u00e7\u00e3o\u00a0<\/span><\/p>\n","protected":false},"featured_media":4934,"comment_status":"open","ping_status":"closed","template":"","meta":[],"product_cat":[353,274,425,474],"product_tag":[],"class_list":{"0":"post-4929","1":"product","2":"type-product","3":"status-publish","4":"has-post-thumbnail","6":"product_cat-alimentos-artesanais","7":"product_cat-artesanato","8":"product_cat-comercio","9":"product_cat-comercio-varejista","10":"product_brand-marca-propria","12":"first","13":"instock","14":"shipping-taxable","15":"product-type-simple","16":"col-xs-6 col-sm-4","17":"col-mf-5","18":"un-5-cols"},"_links":{"self":[{"href":"https:\/\/natureup.com\/brb2b\/wp-json\/wp\/v2\/product\/4929","targetHints":{"allow":["GET"]}}],"collection":[{"href":"https:\/\/natureup.com\/brb2b\/wp-json\/wp\/v2\/product"}],"about":[{"href":"https:\/\/natureup.com\/brb2b\/wp-json\/wp\/v2\/types\/product"}],"replies":[{"embeddable":true,"href":"https:\/\/natureup.com\/brb2b\/wp-json\/wp\/v2\/comments?post=4929"}],"wp:featuredmedia":[{"embeddable":true,"href":"https:\/\/natureup.com\/brb2b\/wp-json\/wp\/v2\/media\/4934"}],"wp:attachment":[{"href":"https:\/\/natureup.com\/brb2b\/wp-json\/wp\/v2\/media?parent=4929"}],"wp:term":[{"taxonomy":"product_cat","embeddable":true,"href":"https:\/\/natureup.com\/brb2b\/wp-json\/wp\/v2\/product_cat?post=4929"},{"taxonomy":"product_tag","embeddable":true,"href":"https:\/\/natureup.com\/brb2b\/wp-json\/wp\/v2\/product_tag?post=4929"}],"curies":[{"name":"wp","href":"https:\/\/api.w.org\/{rel}","templated":true}]}}