{"id":2,"date":"2021-07-29T06:37:31","date_gmt":"2021-07-29T06:37:31","guid":{"rendered":"https:\/\/natureup.com\/brb2c\/?page_id=2"},"modified":"2022-03-29T10:52:45","modified_gmt":"2022-03-29T13:52:45","slug":"selo-de-marcas-verdes","status":"publish","type":"page","link":"https:\/\/natureup.com\/brb2c\/selo-de-marcas-verdes\/","title":{"rendered":"Selo de Marcas Verdes"},"content":{"rendered":"\n<div class=\"wp-block-image\"><figure class=\"aligncenter size-full\"><img decoding=\"async\" src=\"https:\/\/natureup.com\/brb2c\/wp-content\/uploads\/2022\/01\/natureup-gif.gif\" alt=\"\" class=\"wp-image-4948\"\/><\/figure><\/div>\n\n\n\n<p><\/p>\n\n\n\n<p class=\"has-medium-font-size\">Estamos separando as Marcas Verdes\u2026 das outras!<\/p>\n\n\n\n<p class=\"has-medium-font-size\">Desenvolvemos duas plataformas de fornecedores sustent\u00e1veis: uma para pessoas f\u00edsicas (natureup.com\/brb2c) e outra para pessoas jur\u00eddicas (natureup.com\/brb2b). Para ter o NatureUp sempre \u00e0 m\u00e3o voc\u00ea n\u00e3o precisa baixar mais um aplicativo, basta abrir a p\u00e1gina e Adicionar na Tela Inicial de seu celular ou computador.<\/p>\n\n\n\n<p class=\"has-medium-font-size\">\u2026<\/p>\n\n\n\n<p class=\"has-medium-font-size\">Tamb\u00e9m queremos que voc\u00ea tenha novas experi\u00eancias de compras sustent\u00e1veis. Criamos o <strong>Selo de Marcas Verdes<\/strong>, que inova ao levar refer\u00eancias ambientais para as vitrines, pontos de venda, fachadas, salas de espera, recep\u00e7\u00f5es, eventos e outras forma de comunica\u00e7\u00e3o. Voc\u00ea l\u00ea o c\u00f3digo com leitor de QRCode e abre a p\u00e1gina da empresa, atualizada em tempo real.<\/p>\n\n\n\n<p class=\"has-medium-font-size\">Encontrar o Selo de Marcas Verdes indica que a organiza\u00e7\u00e3o desenvolve suas atividades com responsabilidade e m\u00ednimo impacto ambiental, e que existem itens de sustentabilidade nos produtos, servi\u00e7os e, possivelmente, nas instala\u00e7\u00f5es e pontos de venda. Mais que isso, diz ao consumidor ou ao contribuinte: veja o que estamos fazendo, de verdade, para preservar a qualidade da sua vida e das futuras gera\u00e7\u00f5es.<\/p>\n\n\n\n<p class=\"has-medium-font-size\">Come\u00e7amos o cadastramento das Marcas Verdes (veja as op\u00e7\u00f5es no menu). Voc\u00ea pode sugerir novas empresas, inclusive a sua. Fa\u00e7a Contato ou Trabalhe Conosco.<\/p>\n\n\n\n<p><\/p>\n","protected":false},"excerpt":{"rendered":"<p>Estamos separando as Marcas Verdes\u2026 das outras! Desenvolvemos duas plataformas de fornecedores sustent\u00e1veis: uma para pessoas f\u00edsicas (natureup.com\/brb2c) e outra para pessoas jur\u00eddicas (natureup.com\/brb2b). Para ter o NatureUp sempre \u00e0 m\u00e3o voc\u00ea n\u00e3o precisa baixar mais um aplicativo, basta abrir a p\u00e1gina e Adicionar na Tela Inicial de seu celular ou computador. \u2026 Tamb\u00e9m queremos&hellip;<\/p>\n","protected":false},"author":1,"featured_media":0,"parent":0,"menu_order":0,"comment_status":"closed","ping_status":"open","template":"","meta":{"footnotes":""},"class_list":["post-2","page","type-page","status-publish","hentry"],"_links":{"self":[{"href":"https:\/\/natureup.com\/brb2c\/wp-json\/wp\/v2\/pages\/2","targetHints":{"allow":["GET"]}}],"collection":[{"href":"https:\/\/natureup.com\/brb2c\/wp-json\/wp\/v2\/pages"}],"about":[{"href":"https:\/\/natureup.com\/brb2c\/wp-json\/wp\/v2\/types\/page"}],"author":[{"embeddable":true,"href":"https:\/\/natureup.com\/brb2c\/wp-json\/wp\/v2\/users\/1"}],"replies":[{"embeddable":true,"href":"https:\/\/natureup.com\/brb2c\/wp-json\/wp\/v2\/comments?post=2"}],"version-history":[{"count":7,"href":"https:\/\/natureup.com\/brb2c\/wp-json\/wp\/v2\/pages\/2\/revisions"}],"predecessor-version":[{"id":5709,"href":"https:\/\/natureup.com\/brb2c\/wp-json\/wp\/v2\/pages\/2\/revisions\/5709"}],"wp:attachment":[{"href":"https:\/\/natureup.com\/brb2c\/wp-json\/wp\/v2\/media?parent=2"}],"curies":[{"name":"wp","href":"https:\/\/api.w.org\/{rel}","templated":true}]}}