{"id":4870,"date":"2021-12-29T11:19:55","date_gmt":"2021-12-29T14:19:55","guid":{"rendered":"https:\/\/natureup.com\/brb2c\/product\/titulo-do-produto-ou-servico\/"},"modified":"2025-12-04T22:04:53","modified_gmt":"2025-12-05T01:04:53","slug":"titulo-do-produto-ou-servico","status":"publish","type":"product","link":"https:\/\/natureup.com\/brb2c\/product\/titulo-do-produto-ou-servico\/","title":{"rendered":"Eventos e Festas Sustent\u00e1veis"},"content":{"rendered":"<p>Descri\u00e7\u00e3o do Produto ou Servi\u00e7o. Descri\u00e7\u00e3o do Produto ou Servi\u00e7o. Descri\u00e7\u00e3o do Produto ou Servi\u00e7o. Descri\u00e7\u00e3o do Produto ou Servi\u00e7o. Descri\u00e7\u00e3o do Produto ou Servi\u00e7o. Descri\u00e7\u00e3o do Produto ou Servi\u00e7o. Descri\u00e7\u00e3o do Produto ou Servi\u00e7o. Descri\u00e7\u00e3o do Produto ou Servi\u00e7o. Descri\u00e7\u00e3o do Produto ou Servi\u00e7o. Descri\u00e7\u00e3o do Produto ou Servi\u00e7o. Descri\u00e7\u00e3o do Produto ou Servi\u00e7o. Descri\u00e7\u00e3o do Produto ou Servi\u00e7o. Descri\u00e7\u00e3o do Produto ou Servi\u00e7o. Descri\u00e7\u00e3o do Produto ou Servi\u00e7o.\u00a0<\/p>\n<p><img decoding=\"async\" class=\"size-full wp-image-4484 alignleft\" src=\"https:\/\/natureup.com\/brb2c\/wp-content\/uploads\/2020\/06\/vender2.png\" alt=\"\" width=\"140\" height=\"128\" data-mce-src=\"https:\/\/natureup.com\/brb2c\/wp-content\/uploads\/2020\/06\/vender2.png\">Descri\u00e7\u00e3o do Produto ou Servi\u00e7o. Descri\u00e7\u00e3o do Produto ou Servi\u00e7o. Descri\u00e7\u00e3o do Produto ou Servi\u00e7o. Descri\u00e7\u00e3o do Produto ou Servi\u00e7o. Descri\u00e7\u00e3o do Produto ou Servi\u00e7o. Descri\u00e7\u00e3o do Produto ou Servi\u00e7o. Descri\u00e7\u00e3o do Produto ou Servi\u00e7o. Descri\u00e7\u00e3o do Produto ou Servi\u00e7o. Descri\u00e7\u00e3o do Produto ou Servi\u00e7o. Descri\u00e7\u00e3o do Produto ou Servi\u00e7o. Descri\u00e7\u00e3o do Produto ou Servi\u00e7o. Descri\u00e7\u00e3o do Produto ou Servi\u00e7o. Descri\u00e7\u00e3o do Produto ou Servi\u00e7o. Descri\u00e7\u00e3o do Produto ou Servi\u00e7o.\u00a0<\/p>\n<p>Descri\u00e7\u00e3o do Produto ou Servi\u00e7o. Descri\u00e7\u00e3o do Produto ou Servi\u00e7o. Descri\u00e7\u00e3o do Produto ou Servi\u00e7o. Descri\u00e7\u00e3o do Produto ou Servi\u00e7o. Descri\u00e7\u00e3o do Produto ou Servi\u00e7o. Descri\u00e7\u00e3o do Produto ou Servi\u00e7o. Descri\u00e7\u00e3o do Produto ou Servi\u00e7o. Descri\u00e7\u00e3o do Produto ou Servi\u00e7o. Descri\u00e7\u00e3o do Produto ou Servi\u00e7o. Descri\u00e7\u00e3o do Produto ou Servi\u00e7o. Descri\u00e7\u00e3o do Produto ou Servi\u00e7o. Descri\u00e7\u00e3o do Produto ou Servi\u00e7o. Descri\u00e7\u00e3o do Produto ou Servi\u00e7o. Descri\u00e7\u00e3o do Produto ou Servi\u00e7o.\u00a0<\/p>\n","protected":false},"excerpt":{"rendered":"<p><span style=\"color: #666666;font-family: Work Sans, Arial, sans-serif\" data-mce-style=\"color: #666666; font-family: Work Sans, Arial, sans-serif;\"><span style=\"font-size: 15px\" data-mce-style=\"font-size: 15px;\">Breve Descri\u00e7\u00e3o do Produto ou Servi\u00e7o. Breve Descri\u00e7\u00e3o do Produto ou Servi\u00e7o. Breve Descri\u00e7\u00e3o do Produto ou Servi\u00e7o. Breve Descri\u00e7\u00e3o do Produto ou Servi\u00e7o. Breve Descri\u00e7\u00e3o do Produto ou Servi\u00e7o. Breve Descri\u00e7\u00e3o do Produto ou Servi\u00e7o. Breve Descri\u00e7\u00e3o do Produto ou Servi\u00e7o.\u00a0<\/span><\/span><\/p>\n","protected":false},"featured_media":4924,"comment_status":"open","ping_status":"closed","template":"","meta":[],"product_cat":[359,353,241,240,275,274,363,276,277,365,354,361,367,244,364,280,285,283,238,362,366,281,282,273,358,239,360],"product_tag":[396],"class_list":{"0":"post-4870","1":"product","2":"type-product","3":"status-publish","4":"has-post-thumbnail","6":"product_cat-alimentos","7":"product_cat-alimentos-artesanais","8":"product_cat-alimentos-in-natura","9":"product_cat-alimentos-prontos","10":"product_cat-artesanato-presentes","11":"product_cat-artesanato","12":"product_cat-bebidas","13":"product_cat-brindes","14":"product_cat-brinquedos","15":"product_cat-conservas","16":"product_cat-decoracao-artesanal","17":"product_cat-doces","18":"product_cat-embutidos","19":"product_cat-equipamentos-e-utensilios","20":"product_cat-ervas-e-especiarias","21":"product_cat-eventos-festas","22":"product_cat-experiencias","23":"product_cat-flores","24":"product_cat-gastronomia","25":"product_cat-lanches","26":"product_cat-laticinios","27":"product_cat-organizacao-de-eventos","28":"product_cat-organizacao-de-festas","29":"product_cat-presentes-e-festas","30":"product_cat-produtos-naturais","31":"product_cat-servicos-de-alimentacao","32":"product_cat-temperos","33":"product_tag-festas","34":"product_brand-marca-propria","36":"first","37":"instock","38":"shipping-taxable","39":"product-type-simple","40":"col-xs-6 col-sm-4","41":"col-mf-5","42":"un-5-cols"},"_links":{"self":[{"href":"https:\/\/natureup.com\/brb2c\/wp-json\/wp\/v2\/product\/4870","targetHints":{"allow":["GET"]}}],"collection":[{"href":"https:\/\/natureup.com\/brb2c\/wp-json\/wp\/v2\/product"}],"about":[{"href":"https:\/\/natureup.com\/brb2c\/wp-json\/wp\/v2\/types\/product"}],"replies":[{"embeddable":true,"href":"https:\/\/natureup.com\/brb2c\/wp-json\/wp\/v2\/comments?post=4870"}],"wp:featuredmedia":[{"embeddable":true,"href":"https:\/\/natureup.com\/brb2c\/wp-json\/wp\/v2\/media\/4924"}],"wp:attachment":[{"href":"https:\/\/natureup.com\/brb2c\/wp-json\/wp\/v2\/media?parent=4870"}],"wp:term":[{"taxonomy":"product_cat","embeddable":true,"href":"https:\/\/natureup.com\/brb2c\/wp-json\/wp\/v2\/product_cat?post=4870"},{"taxonomy":"product_tag","embeddable":true,"href":"https:\/\/natureup.com\/brb2c\/wp-json\/wp\/v2\/product_tag?post=4870"}],"curies":[{"name":"wp","href":"https:\/\/api.w.org\/{rel}","templated":true}]}}